{"id":4684,"date":"2022-03-03T15:09:43","date_gmt":"2022-03-03T14:09:43","guid":{"rendered":"http:\/\/marx-spritzgeraete.de\/product\/professional-serie\/"},"modified":"2022-03-04T13:28:21","modified_gmt":"2022-03-04T12:28:21","slug":"professional-serie","status":"publish","type":"product","link":"https:\/\/marx-spritzgeraete.de\/en\/product\/professional-serie\/","title":{"rendered":"Professional Serie"},"content":{"rendered":"<div id='av_section_1'  class='avia-section av-ehdysf-f00732bd6c5fec3bf2a2585738adf1b4 main_color avia-section-large avia-no-border-styling  avia-builder-el-0  avia-builder-el-no-sibling  avia-bg-style-scroll container_wrap fullsize'  ><div class='container av-section-cont-open' ><main  role=\"main\" itemprop=\"mainContentOfPage\"  class='template-page content  av-content-full alpha units'><div class='post-entry post-entry-type-page post-entry-4684'><div class='entry-content-wrapper clearfix'>\n\n<style type=\"text\/css\" data-created_by=\"avia_inline_auto\" id=\"style-css-av-cgq0en-34d70628829356785caa62982d0cb631\">\n#top .av-special-heading.av-cgq0en-34d70628829356785caa62982d0cb631{\npadding-bottom:10px;\n}\nbody .av-special-heading.av-cgq0en-34d70628829356785caa62982d0cb631 .av-special-heading-tag .heading-char{\nfont-size:25px;\n}\n.av-special-heading.av-cgq0en-34d70628829356785caa62982d0cb631 .av-subheading{\nfont-size:15px;\n}\n<\/style>\n<div  class='av-special-heading av-cgq0en-34d70628829356785caa62982d0cb631 av-special-heading-h1 blockquote modern-quote  avia-builder-el-1  el_before_av_hr  avia-builder-el-first '><h1 class='av-special-heading-tag '  itemprop=\"headline\"  >Professional Serie<\/h1><div class=\"special-heading-border\"><div class=\"special-heading-inner-border\"><\/div><\/div><\/div>\n\n<style type=\"text\/css\" data-created_by=\"avia_inline_auto\" id=\"style-css-av-bjgiu7-24539e599b78b61b353d3dffc80ebe88\">\n#top .hr.av-bjgiu7-24539e599b78b61b353d3dffc80ebe88{\nmargin-top:15px;\nmargin-bottom:15px;\n}\n.hr.av-bjgiu7-24539e599b78b61b353d3dffc80ebe88 .hr-inner{\nwidth:100%;\nborder-color:#f2f2f2;\n}\n<\/style>\n<div  class='hr av-bjgiu7-24539e599b78b61b353d3dffc80ebe88 hr-custom  avia-builder-el-2  el_after_av_heading  el_before_av_one_third  hr-center hr-icon-no'><span class='hr-inner inner-border-av-border-thin'><span class=\"hr-inner-style\"><\/span><\/span><\/div>\n\n<style type=\"text\/css\" data-created_by=\"avia_inline_auto\" id=\"style-css-av-8vjdkf-43c0de93ff02f794142d8d4981469119\">\n.flex_column.av-8vjdkf-43c0de93ff02f794142d8d4981469119{\nborder-radius:0px 0px 0px 0px;\npadding:0px 0px 0px 0px;\n}\n<\/style>\n<div  class='flex_column av-8vjdkf-43c0de93ff02f794142d8d4981469119 av_one_third  avia-builder-el-3  el_after_av_hr  el_before_av_two_third  first flex_column_div av-zero-column-padding  '     ><section  class='av_textblock_section av-kv7valg2-7d8032896446e8802d9d0c99f3c86bc6 '   itemscope=\"itemscope\" itemtype=\"https:\/\/schema.org\/CreativeWork\" ><div class='avia_textblock'  itemprop=\"text\" ><div class=\"noHover single-product-main-image alpha\"><div class='avia-wc-30-product-gallery-lightbox av-remove-size-attr avia-svg-icon avia-font-svg_entypo-fontello' data-av_svg_icon='search' data-av_iconset='svg_entypo-fontello'><svg version=\"1.1\" xmlns=\"http:\/\/www.w3.org\/2000\/svg\" width=\"25\" height=\"32\" viewBox=\"0 0 25 32\" preserveAspectRatio=\"xMidYMid meet\" role=\"graphics-symbol\" aria-hidden=\"true\">\n<path d=\"M24.704 24.704q0.96 1.088 0.192 1.984l-1.472 1.472q-1.152 1.024-2.176 0l-6.080-6.080q-2.368 1.344-4.992 1.344-4.096 0-7.136-3.040t-3.040-7.136 2.88-7.008 6.976-2.912 7.168 3.040 3.072 7.136q0 2.816-1.472 5.184zM3.008 13.248q0 2.816 2.176 4.992t4.992 2.176 4.832-2.016 2.016-4.896q0-2.816-2.176-4.96t-4.992-2.144-4.832 2.016-2.016 4.832z\"><\/path>\n<\/svg><\/div><div data-sviproduct_id=\"4684\" data-wcsvi-ref=\"4684\" class=\"gallery-svi woocommerce-product-gallery woocommerce-product-gallery--with-images  images\" style=\"opacity: 1; transition: opacity .25s ease-in-out;\">\n            <div class=\"svi_wrapper\">\n                    <div class=\"svi-initial-holder\">\n                <div class=\"svi-initial-gallery\" aria-hidden=\"true\">\n            <div class=\"svi-initial-main\" style=\"--svi-aspect: 93.56%;\">\n                <span class=\"svi-skeleton\"><\/span>\n            <\/div>\n                    <\/div>            <\/div>\n                <div class=\"svi-app-entry\" data-svi-mount><\/div>\n    <\/div>&nbsp;\n<\/div>\n<\/div><div data-sviproduct_id=\"4684\" data-wcsvi-ref=\"4684\" class=\"gallery-svi woocommerce-product-gallery woocommerce-product-gallery--with-images  images\" style=\"opacity: 1; transition: opacity .25s ease-in-out;\">\n            <div class=\"svi_wrapper\">\n                    <div class=\"svi-initial-holder\">\n                <div class=\"svi-initial-gallery\" aria-hidden=\"true\">\n            <div class=\"svi-initial-main\" style=\"--svi-aspect: 93.56%;\">\n                <span class=\"svi-skeleton\"><\/span>\n            <\/div>\n                    <\/div>            <\/div>\n                <div class=\"svi-app-entry\" data-svi-mount><\/div>\n    <\/div>&nbsp;\n<\/div>\n<div class=\"single-product-summary\">\n<\/div><\/section><\/div>\n<style type=\"text\/css\" data-created_by=\"avia_inline_auto\" id=\"style-css-av-5o8kjz-1c6c77d747f182676790f60fc6862e29\">\n.flex_column.av-5o8kjz-1c6c77d747f182676790f60fc6862e29{\nborder-radius:0px 0px 0px 0px;\npadding:0px 0px 0px 0px;\n}\n<\/style>\n<div  class='flex_column av-5o8kjz-1c6c77d747f182676790f60fc6862e29 av_two_third  avia-builder-el-5  el_after_av_one_third  avia-builder-el-last  flex_column_div av-zero-column-padding  '     ><section  class='av_textblock_section av-7w8of-52cd0beed38b3bac09a9509496bdb73b '   itemscope=\"itemscope\" itemtype=\"https:\/\/schema.org\/CreativeWork\" ><div class='avia_textblock'  itemprop=\"text\" ><h3>WIWA Professional<\/h3>\n<p>Die WIWA Professional Serie ist f\u00fcr den schweren Korrosionsschutz und f\u00fcr industrielle Beschichtungsarbeiten jeglicher Art geeignet.<br \/>\nDie Verarbeitung von hochviskosen, l\u00f6sungsmittelarmen und l\u00f6sungsmittelfreien Materialien mit hohem Feststoffanteil ist aufgrund der hohen Druck\u00fcbersetzung m\u00f6glich. Ebenfalls geeignet f\u00fcr l\u00e4ngere Materialschl\u00e4uche, gr\u00f6\u00dfere D\u00fcsenbohrungen und hohe Spritzdr\u00fccke.<br \/>\nDiese WIWA-Ger\u00e4te sind auch f\u00fcr den Einsatz in automatischen Spritzanlagen, mit oder ohne Zirkulation, einsetzbar.<\/p>\n<h3>Geeignet f\u00fcr:<\/h3>\n<ul>\n<li style=\"list-style-type: none;\"><\/li>\n<li>Maler- und Lackierbetriebe<\/li>\n<li>Bauten- und Korrosionsschutz<\/li>\n<li>Industrieanstriche<\/li>\n<li>Brandschutz<\/li>\n<li>Gro\u00dffl\u00e4chen<\/li>\n<li>Schiffanstriche<\/li>\n<li>Stahl- und Hallenbau<\/li>\n<li>Waggonfabriken<\/li>\n<li>Offshore-Industrie<\/li>\n<li>Isolierungen<\/li>\n<li>F\u00f6rderpumpe<\/li>\n<\/ul>\n<h3>Spritzgut:<\/h3>\n<ul>\n<li style=\"list-style-type: none;\"><\/li>\n<li>L\u00f6semittelarme- und freie Farben<\/li>\n<li>Antifoulings<\/li>\n<li>Flammschutzmaterialien<\/li>\n<li>Isolier- und Dickschichtmaterial<\/li>\n<li>Kaltbitumen<\/li>\n<li>Materialien mit kurzen Faserf\u00fcllstoffen<\/li>\n<li>Spritzf\u00e4hige Lacke und Farben<\/li>\n<li>Zweikomponenten- und Teer-Epoxy-Farben<\/li>\n<li>Abrasive Materialien<\/li>\n<li>Glasflake<\/li>\n<\/ul>\n<h3>Technische Daten:<\/h3>\n<ul>\n<li>Max. F\u00f6rderleistung bei freiem Durchfluss: 24-44 l\/min<\/li>\n<li>Druck\u00fcbersetzung: 23:1 bis 71:1<\/li>\n<li>Max. Lufteingangsdruck: 8 bar<\/li>\n<li>H\u00f6chstzul\u00e4ssiger Betriebsdruck: 185-460 bar<\/li>\n<\/ul>\n<p>Die WIWA Professional Serie gibt es in unterschiedlichen Modellen und Ausf\u00fchrungen. Die PROFESSIONAL Serie ist in N = Normalstahl und R = rostfreier Ausf\u00fchrung erh\u00e4ltlich.<\/p>\n<p>Wir beraten Sie gern.<\/p>\n<\/div><\/section><br \/>\n<div  class='av-woo-product-related-upsells av-350j8v-950eb909335bb4aee6e26ca3bf3b270c  avia-builder-el-7  el_after_av_textblock  avia-builder-el-last '><div class='product_column product_column_4'>\n\t<section class=\"related products\">\n\n\t\t\t\t\t<h2>Dazu passende Produkte<\/h2>\n\t\t\t\t<ul class=\"products columns-4\">\n\n\t\t\t\n\t\t\t\t\t<li class=\"product type-product post-4683 status-publish first instock product_cat-industrial-companies has-post-thumbnail taxable shipping-taxable product-type-simple\">\n\t<div class='inner_product main_color wrapped_style noLightbox  av-product-class-'><a href=\"https:\/\/marx-spritzgeraete.de\/en\/product\/herkuless-gx-serie\/\" class=\"woocommerce-LoopProduct-link woocommerce-loop-product__link\"><div class=\"thumbnail_container\"><img decoding=\"async\" loading=\"lazy\" width=\"350\" height=\"450\" src=\"https:\/\/marx-spritzgeraete.de\/wp-content\/uploads\/2022\/03\/wiwa-herkules-gx-serie-airless-spritzgeraet-350x450.jpeg\" class=\"wp-image-15487 avia-img-lazy-loading-15487 attachment-shop_catalog size-shop_catalog wp-post-image\" alt=\"WIWA HERKULES GX Serie Airless-Spritzger\u00e4t mit Edelstahlpumpe und Anti-Icing-Luftmotor\" \/><span class=\"cart-loading\"><\/span><\/div><div class='inner_product_header'><div class='avia-arrow'><\/div><div class='inner_product_header_table'><div class='inner_product_header_cell'><h2 class=\"woocommerce-loop-product__title\">Herkuless GX Serie<\/h2><\/div><\/div><\/div><\/a>\t\t<style type=\"text\/css\">\n\t\t\t\t\t<\/style>\n\t\t<div class='avia_cart_buttons '><a href=\"https:\/\/marx-spritzgeraete.de\/en\/product\/herkuless-gx-serie\/\" aria-describedby=\"woocommerce_loop_add_to_cart_link_describedby_4683\" data-quantity=\"1\" class=\"button product_type_simple\" data-product_id=\"4683\" data-product_sku=\"\" aria-label=\"Read more about &ldquo;Herkuless GX Serie&rdquo;\" rel=\"nofollow\" data-success_message=\"\"><span class=\"avia-svg-icon avia-font-svg_entypo-fontello\" data-av_svg_icon='basket' data-av_iconset='svg_entypo-fontello'><svg version=\"1.1\" xmlns=\"http:\/\/www.w3.org\/2000\/svg\" width=\"29\" height=\"32\" viewBox=\"0 0 29 32\" preserveAspectRatio=\"xMidYMid meet\" aria-labelledby='av-svg-title-2' aria-describedby='av-svg-desc-2' role=\"graphics-symbol\" aria-hidden=\"true\">\n<title id='av-svg-title-2'>Add to cart<\/title>\n<desc id='av-svg-desc-2'>Add to cart<\/desc>\n<path d=\"M4.8 27.2q0-1.28 0.96-2.24t2.24-0.96q1.344 0 2.272 0.96t0.928 2.24q0 1.344-0.928 2.272t-2.272 0.928q-1.28 0-2.24-0.928t-0.96-2.272zM20.8 27.2q0-1.28 0.96-2.24t2.24-0.96q1.344 0 2.272 0.96t0.928 2.24q0 1.344-0.928 2.272t-2.272 0.928q-1.28 0-2.24-0.928t-0.96-2.272zM10.496 19.648q-1.152 0.32-1.088 0.736t1.408 0.416h17.984v2.432q0 0.64-0.64 0.64h-20.928q-0.64 0-0.64-0.64v-2.432l-0.32-1.472-3.136-14.528h-3.136v-2.56q0-0.64 0.64-0.64h4.992q0.64 0 0.64 0.64v2.752h22.528v8.768q0 0.704-0.576 0.832z\"><\/path>\n<\/svg><\/span>  Read more<\/a>\t<span id=\"woocommerce_loop_add_to_cart_link_describedby_4683\" class=\"screen-reader-text\">\n\t\t\t<\/span>\n<a class=\"button show_details_button\" href=\"https:\/\/marx-spritzgeraete.de\/en\/product\/herkuless-gx-serie\/\"><span class=\"avia-svg-icon avia-font-svg_entypo-fontello\" data-av_svg_icon='doc-text' data-av_iconset='svg_entypo-fontello'><svg version=\"1.1\" xmlns=\"http:\/\/www.w3.org\/2000\/svg\" width=\"22\" height=\"32\" viewBox=\"0 0 22 32\" preserveAspectRatio=\"xMidYMid meet\" aria-labelledby='av-svg-title-3' aria-describedby='av-svg-desc-3' role=\"graphics-symbol\" aria-hidden=\"true\">\n<title id='av-svg-title-3'>Show Details<\/title>\n<desc id='av-svg-desc-3'>Show Details<\/desc>\n<path d=\"M6.784 17.344v-2.88h8.96v2.88h-8.96zM19.2 1.6q1.344 0 2.272 0.928t0.928 2.272v22.4q0 1.28-0.928 2.24t-2.272 0.96h-16q-1.28 0-2.24-0.96t-0.96-2.24v-22.4q0-1.344 0.96-2.272t2.24-0.928h16zM19.2 27.2v-22.4h-16v22.4h16zM15.68 8.256v2.816h-8.96v-2.816h8.96zM15.68 20.8v2.816h-8.96v-2.816h8.96z\"><\/path>\n<\/svg><\/span>  Show Details<\/a> <span class=\"button-mini-delimiter\"><\/span><\/div><\/div><\/li>\n\n\t\t\t\n\t\t<\/ul>\n\n\t<\/section>\n\t<\/div><\/div><\/p><\/div>\n","protected":false},"excerpt":{"rendered":"","protected":false},"featured_media":15491,"comment_status":"closed","ping_status":"closed","template":"","meta":[],"product_brand":[],"product_cat":[219],"product_tag":[],"class_list":{"0":"post-4684","1":"product","2":"type-product","3":"status-publish","4":"has-post-thumbnail","6":"product_cat-industrial-companies","8":"","9":"instock","10":"taxable","11":"shipping-taxable","12":"product-type-simple"},"yoast_head":"<!-- This site is optimized with the Yoast SEO Premium plugin v27.4 (Yoast SEO v27.4) - https:\/\/yoast.com\/product\/yoast-seo-premium-wordpress\/ -->\n<title>Professional Serie - Marx Oberfl\u00e4chentechnik GmbH<\/title>\n<meta name=\"description\" content=\"%\" \/>\n<meta name=\"robots\" content=\"index, follow, max-snippet:-1, max-image-preview:large, max-video-preview:-1\" \/>\n<link rel=\"canonical\" href=\"https:\/\/marx-spritzgeraete.de\/en\/product\/professional-serie\/\" \/>\n<meta property=\"og:locale\" content=\"en_US\" \/>\n<meta property=\"og:type\" content=\"article\" \/>\n<meta property=\"og:title\" content=\"Professional Serie\" \/>\n<meta property=\"og:description\" content=\"%\" \/>\n<meta property=\"og:url\" content=\"https:\/\/marx-spritzgeraete.de\/en\/product\/professional-serie\/\" \/>\n<meta property=\"og:site_name\" content=\"Marx Oberfl\u00e4chentechnik GmbH\" \/>\n<meta property=\"article:modified_time\" content=\"2022-03-04T12:28:21+00:00\" \/>\n<meta property=\"og:image\" content=\"https:\/\/marx-spritzgeraete.de\/wp-content\/uploads\/2022\/03\/wiwa-professional-serie-hochdruckspritzgeraet.jpg\" \/>\n\t<meta property=\"og:image:width\" content=\"692\" \/>\n\t<meta property=\"og:image:height\" content=\"647\" \/>\n\t<meta property=\"og:image:type\" content=\"image\/jpeg\" \/>\n<meta name=\"twitter:card\" content=\"summary_large_image\" \/>\n<meta name=\"twitter:label1\" content=\"Price\" \/>\n\t<meta name=\"twitter:data1\" content=\"\" \/>\n\t<meta name=\"twitter:label2\" content=\"Availability\" \/>\n\t<meta name=\"twitter:data2\" content=\"In stock\" \/>\n<script type=\"application\/ld+json\" class=\"yoast-schema-graph\">{\"@context\":\"https:\\\/\\\/schema.org\",\"@graph\":[{\"@type\":\"WebPage\",\"@id\":\"https:\\\/\\\/marx-spritzgeraete.de\\\/en\\\/product\\\/professional-serie\\\/\",\"url\":\"https:\\\/\\\/marx-spritzgeraete.de\\\/en\\\/product\\\/professional-serie\\\/\",\"name\":\"Professional Serie - Marx Oberfl\u00e4chentechnik GmbH\",\"isPartOf\":{\"@id\":\"https:\\\/\\\/marx-spritzgeraete.de\\\/en\\\/#website\"},\"primaryImageOfPage\":{\"@id\":\"https:\\\/\\\/marx-spritzgeraete.de\\\/en\\\/product\\\/professional-serie\\\/#primaryimage\"},\"image\":{\"@id\":\"https:\\\/\\\/marx-spritzgeraete.de\\\/en\\\/product\\\/professional-serie\\\/#primaryimage\"},\"thumbnailUrl\":\"https:\\\/\\\/marx-spritzgeraete.de\\\/wp-content\\\/uploads\\\/2022\\\/03\\\/wiwa-professional-serie-hochdruckspritzgeraet.jpg\",\"datePublished\":\"2022-03-03T14:09:43+00:00\",\"dateModified\":\"2022-03-04T12:28:21+00:00\",\"description\":\"%\",\"breadcrumb\":{\"@id\":\"https:\\\/\\\/marx-spritzgeraete.de\\\/en\\\/product\\\/professional-serie\\\/#breadcrumb\"},\"inLanguage\":\"en-US\",\"potentialAction\":[{\"@type\":\"ReadAction\",\"target\":[\"https:\\\/\\\/marx-spritzgeraete.de\\\/en\\\/product\\\/professional-serie\\\/\"]}]},{\"@type\":\"ImageObject\",\"inLanguage\":\"en-US\",\"@id\":\"https:\\\/\\\/marx-spritzgeraete.de\\\/en\\\/product\\\/professional-serie\\\/#primaryimage\",\"url\":\"https:\\\/\\\/marx-spritzgeraete.de\\\/wp-content\\\/uploads\\\/2022\\\/03\\\/wiwa-professional-serie-hochdruckspritzgeraet.jpg\",\"contentUrl\":\"https:\\\/\\\/marx-spritzgeraete.de\\\/wp-content\\\/uploads\\\/2022\\\/03\\\/wiwa-professional-serie-hochdruckspritzgeraet.jpg\",\"width\":692,\"height\":647,\"caption\":\"Hochleistungssysteme f\u00fcr Korrosionsschutz und Industriebeschichtung\"},{\"@type\":\"BreadcrumbList\",\"@id\":\"https:\\\/\\\/marx-spritzgeraete.de\\\/en\\\/product\\\/professional-serie\\\/#breadcrumb\",\"itemListElement\":[{\"@type\":\"ListItem\",\"position\":1,\"name\":\"Startseite\",\"item\":\"https:\\\/\\\/marx-spritzgeraete.de\\\/en\\\/home\\\/\"},{\"@type\":\"ListItem\",\"position\":2,\"name\":\"Shop\",\"item\":\"https:\\\/\\\/marx-spritzgeraete.de\\\/en\\\/shop\\\/\"},{\"@type\":\"ListItem\",\"position\":3,\"name\":\"Professional Serie\"}]},{\"@type\":\"WebSite\",\"@id\":\"https:\\\/\\\/marx-spritzgeraete.de\\\/en\\\/#website\",\"url\":\"https:\\\/\\\/marx-spritzgeraete.de\\\/en\\\/\",\"name\":\"Marx Oberfl\u00e4chentechnik GmbH\",\"description\":\"\",\"publisher\":{\"@id\":\"https:\\\/\\\/marx-spritzgeraete.de\\\/en\\\/#organization\"},\"potentialAction\":[{\"@type\":\"SearchAction\",\"target\":{\"@type\":\"EntryPoint\",\"urlTemplate\":\"https:\\\/\\\/marx-spritzgeraete.de\\\/en\\\/?s={search_term_string}\"},\"query-input\":{\"@type\":\"PropertyValueSpecification\",\"valueRequired\":true,\"valueName\":\"search_term_string\"}}],\"inLanguage\":\"en-US\"},{\"@type\":\"Organization\",\"@id\":\"https:\\\/\\\/marx-spritzgeraete.de\\\/en\\\/#organization\",\"name\":\"Marx Oberfl\u00e4chentechnik GmbH\",\"url\":\"https:\\\/\\\/marx-spritzgeraete.de\\\/en\\\/\",\"logo\":{\"@type\":\"ImageObject\",\"inLanguage\":\"en-US\",\"@id\":\"https:\\\/\\\/marx-spritzgeraete.de\\\/en\\\/#\\\/schema\\\/logo\\\/image\\\/\",\"url\":\"https:\\\/\\\/marx-spritzgeraete.de\\\/wp-content\\\/uploads\\\/2022\\\/08\\\/38898875_453100078523970_5171725096418541568_n-Kopie.jpg\",\"contentUrl\":\"https:\\\/\\\/marx-spritzgeraete.de\\\/wp-content\\\/uploads\\\/2022\\\/08\\\/38898875_453100078523970_5171725096418541568_n-Kopie.jpg\",\"width\":320,\"height\":320,\"caption\":\"Marx Oberfl\u00e4chentechnik GmbH\"},\"image\":{\"@id\":\"https:\\\/\\\/marx-spritzgeraete.de\\\/en\\\/#\\\/schema\\\/logo\\\/image\\\/\"},\"sameAs\":[\"https:\\\/\\\/www.instagram.com\\\/marx_oberflaechentechnik\\\/\"]}]}<\/script>\n<meta property=\"product:price:currency\" content=\"EUR\" \/>\n<meta property=\"og:availability\" content=\"instock\" \/>\n<meta property=\"product:availability\" content=\"instock\" \/>\n<meta property=\"product:condition\" content=\"new\" \/>\n<!-- \/ Yoast SEO Premium plugin. -->","yoast_head_json":{"title":"Professional Serie - Marx Oberfl\u00e4chentechnik GmbH","description":"%","robots":{"index":"index","follow":"follow","max-snippet":"max-snippet:-1","max-image-preview":"max-image-preview:large","max-video-preview":"max-video-preview:-1"},"canonical":"https:\/\/marx-spritzgeraete.de\/en\/product\/professional-serie\/","og_locale":"en_US","og_type":"article","og_title":"Professional Serie","og_description":"%","og_url":"https:\/\/marx-spritzgeraete.de\/en\/product\/professional-serie\/","og_site_name":"Marx Oberfl\u00e4chentechnik GmbH","article_modified_time":"2022-03-04T12:28:21+00:00","og_image":[{"width":692,"height":647,"url":"https:\/\/marx-spritzgeraete.de\/wp-content\/uploads\/2022\/03\/wiwa-professional-serie-hochdruckspritzgeraet.jpg","type":"image\/jpeg"}],"twitter_card":"summary_large_image","twitter_misc":{"Price":"","Availability":"In stock"},"schema":{"@context":"https:\/\/schema.org","@graph":[{"@type":"WebPage","@id":"https:\/\/marx-spritzgeraete.de\/en\/product\/professional-serie\/","url":"https:\/\/marx-spritzgeraete.de\/en\/product\/professional-serie\/","name":"Professional Serie - Marx Oberfl\u00e4chentechnik GmbH","isPartOf":{"@id":"https:\/\/marx-spritzgeraete.de\/en\/#website"},"primaryImageOfPage":{"@id":"https:\/\/marx-spritzgeraete.de\/en\/product\/professional-serie\/#primaryimage"},"image":{"@id":"https:\/\/marx-spritzgeraete.de\/en\/product\/professional-serie\/#primaryimage"},"thumbnailUrl":"https:\/\/marx-spritzgeraete.de\/wp-content\/uploads\/2022\/03\/wiwa-professional-serie-hochdruckspritzgeraet.jpg","datePublished":"2022-03-03T14:09:43+00:00","dateModified":"2022-03-04T12:28:21+00:00","description":"%","breadcrumb":{"@id":"https:\/\/marx-spritzgeraete.de\/en\/product\/professional-serie\/#breadcrumb"},"inLanguage":"en-US","potentialAction":[{"@type":"ReadAction","target":["https:\/\/marx-spritzgeraete.de\/en\/product\/professional-serie\/"]}]},{"@type":"ImageObject","inLanguage":"en-US","@id":"https:\/\/marx-spritzgeraete.de\/en\/product\/professional-serie\/#primaryimage","url":"https:\/\/marx-spritzgeraete.de\/wp-content\/uploads\/2022\/03\/wiwa-professional-serie-hochdruckspritzgeraet.jpg","contentUrl":"https:\/\/marx-spritzgeraete.de\/wp-content\/uploads\/2022\/03\/wiwa-professional-serie-hochdruckspritzgeraet.jpg","width":692,"height":647,"caption":"Hochleistungssysteme f\u00fcr Korrosionsschutz und Industriebeschichtung"},{"@type":"BreadcrumbList","@id":"https:\/\/marx-spritzgeraete.de\/en\/product\/professional-serie\/#breadcrumb","itemListElement":[{"@type":"ListItem","position":1,"name":"Startseite","item":"https:\/\/marx-spritzgeraete.de\/en\/home\/"},{"@type":"ListItem","position":2,"name":"Shop","item":"https:\/\/marx-spritzgeraete.de\/en\/shop\/"},{"@type":"ListItem","position":3,"name":"Professional Serie"}]},{"@type":"WebSite","@id":"https:\/\/marx-spritzgeraete.de\/en\/#website","url":"https:\/\/marx-spritzgeraete.de\/en\/","name":"Marx Oberfl\u00e4chentechnik GmbH","description":"","publisher":{"@id":"https:\/\/marx-spritzgeraete.de\/en\/#organization"},"potentialAction":[{"@type":"SearchAction","target":{"@type":"EntryPoint","urlTemplate":"https:\/\/marx-spritzgeraete.de\/en\/?s={search_term_string}"},"query-input":{"@type":"PropertyValueSpecification","valueRequired":true,"valueName":"search_term_string"}}],"inLanguage":"en-US"},{"@type":"Organization","@id":"https:\/\/marx-spritzgeraete.de\/en\/#organization","name":"Marx Oberfl\u00e4chentechnik GmbH","url":"https:\/\/marx-spritzgeraete.de\/en\/","logo":{"@type":"ImageObject","inLanguage":"en-US","@id":"https:\/\/marx-spritzgeraete.de\/en\/#\/schema\/logo\/image\/","url":"https:\/\/marx-spritzgeraete.de\/wp-content\/uploads\/2022\/08\/38898875_453100078523970_5171725096418541568_n-Kopie.jpg","contentUrl":"https:\/\/marx-spritzgeraete.de\/wp-content\/uploads\/2022\/08\/38898875_453100078523970_5171725096418541568_n-Kopie.jpg","width":320,"height":320,"caption":"Marx Oberfl\u00e4chentechnik GmbH"},"image":{"@id":"https:\/\/marx-spritzgeraete.de\/en\/#\/schema\/logo\/image\/"},"sameAs":["https:\/\/www.instagram.com\/marx_oberflaechentechnik\/"]}]},"product_price_currency":"EUR","og_availability":"instock","product_availability":"instock","product_condition":"new"},"_links":{"self":[{"href":"https:\/\/marx-spritzgeraete.de\/en\/wp-json\/wp\/v2\/product\/4684","targetHints":{"allow":["GET"]}}],"collection":[{"href":"https:\/\/marx-spritzgeraete.de\/en\/wp-json\/wp\/v2\/product"}],"about":[{"href":"https:\/\/marx-spritzgeraete.de\/en\/wp-json\/wp\/v2\/types\/product"}],"replies":[{"embeddable":true,"href":"https:\/\/marx-spritzgeraete.de\/en\/wp-json\/wp\/v2\/comments?post=4684"}],"wp:featuredmedia":[{"embeddable":true,"href":"https:\/\/marx-spritzgeraete.de\/en\/wp-json\/wp\/v2\/media\/15491"}],"wp:attachment":[{"href":"https:\/\/marx-spritzgeraete.de\/en\/wp-json\/wp\/v2\/media?parent=4684"}],"wp:term":[{"taxonomy":"product_brand","embeddable":true,"href":"https:\/\/marx-spritzgeraete.de\/en\/wp-json\/wp\/v2\/product_brand?post=4684"},{"taxonomy":"product_cat","embeddable":true,"href":"https:\/\/marx-spritzgeraete.de\/en\/wp-json\/wp\/v2\/product_cat?post=4684"},{"taxonomy":"product_tag","embeddable":true,"href":"https:\/\/marx-spritzgeraete.de\/en\/wp-json\/wp\/v2\/product_tag?post=4684"}],"curies":[{"name":"wp","href":"https:\/\/api.w.org\/{rel}","templated":true}]}}