{"id":9662,"date":"2023-02-22T13:53:49","date_gmt":"2023-02-22T12:53:49","guid":{"rendered":"http:\/\/marx-spritzgeraete.de\/?post_type=product&#038;p=9662"},"modified":"2025-12-31T00:48:05","modified_gmt":"2025-12-30T23:48:05","slug":"satajet-x-5500","status":"publish","type":"product","link":"https:\/\/marx-spritzgeraete.de\/en\/product\/satajet-x-5500\/","title":{"rendered":"SATAjet X 5500"},"content":{"rendered":"<div id='av_section_1'  class='avia-section av-fkckde-2f8c3fd181f89a125d5cbc295439f3dc main_color avia-section-large avia-no-border-styling  avia-builder-el-0  avia-builder-el-no-sibling  avia-bg-style-scroll container_wrap fullsize'  ><div class='container av-section-cont-open' ><main  role=\"main\" itemprop=\"mainContentOfPage\"  class='template-page content  av-content-full alpha units'><div class='post-entry post-entry-type-page post-entry-9662'><div class='entry-content-wrapper clearfix'>\n\n<style type=\"text\/css\" data-created_by=\"avia_inline_auto\" id=\"style-css-av-ebwk2a-7eadd246f97eec703fb313d90c204612\">\n#top .av-special-heading.av-ebwk2a-7eadd246f97eec703fb313d90c204612{\npadding-bottom:10px;\n}\nbody .av-special-heading.av-ebwk2a-7eadd246f97eec703fb313d90c204612 .av-special-heading-tag .heading-char{\nfont-size:25px;\n}\n.av-special-heading.av-ebwk2a-7eadd246f97eec703fb313d90c204612 .av-subheading{\nfont-size:15px;\n}\n<\/style>\n<div  class='av-special-heading av-ebwk2a-7eadd246f97eec703fb313d90c204612 av-special-heading-h1 blockquote modern-quote  avia-builder-el-1  el_before_av_hr  avia-builder-el-first '><h1 class='av-special-heading-tag '  itemprop=\"headline\"  >SATAjet X 5500 <\/h1><div class=\"special-heading-border\"><div class=\"special-heading-inner-border\"><\/div><\/div><\/div>\n\n<style type=\"text\/css\" data-created_by=\"avia_inline_auto\" id=\"style-css-av-bv2gw2-de5771ce7eba1d5e3921346c46640dc1\">\n#top .hr.av-bv2gw2-de5771ce7eba1d5e3921346c46640dc1{\nmargin-top:15px;\nmargin-bottom:15px;\n}\n.hr.av-bv2gw2-de5771ce7eba1d5e3921346c46640dc1 .hr-inner{\nwidth:100%;\nborder-color:#f2f2f2;\n}\n<\/style>\n<div  class='hr av-bv2gw2-de5771ce7eba1d5e3921346c46640dc1 hr-custom  avia-builder-el-2  el_after_av_heading  el_before_av_one_third  hr-center hr-icon-no'><span class='hr-inner inner-border-av-border-thin'><span class=\"hr-inner-style\"><\/span><\/span><\/div>\n\n<style type=\"text\/css\" data-created_by=\"avia_inline_auto\" id=\"style-css-av-a8zmtu-22675c9cfc7115733bba936161835932\">\n.flex_column.av-a8zmtu-22675c9cfc7115733bba936161835932{\nborder-radius:0px 0px 0px 0px;\npadding:0px 0px 0px 0px;\n}\n<\/style>\n<div  class='flex_column av-a8zmtu-22675c9cfc7115733bba936161835932 av_one_third  avia-builder-el-3  el_after_av_hr  el_before_av_two_third  first flex_column_div av-zero-column-padding  '     ><section  class='av_textblock_section av-kv7xgjj7-007a9bb62e4ae986224abd9508979ab8 '   itemscope=\"itemscope\" itemtype=\"https:\/\/schema.org\/CreativeWork\" ><div class='avia_textblock'  itemprop=\"text\" ><div class=\"noHover single-product-main-image alpha\"><div class='avia-wc-30-product-gallery-lightbox av-remove-size-attr avia-svg-icon avia-font-svg_entypo-fontello' data-av_svg_icon='search' data-av_iconset='svg_entypo-fontello'><svg version=\"1.1\" xmlns=\"http:\/\/www.w3.org\/2000\/svg\" width=\"25\" height=\"32\" viewBox=\"0 0 25 32\" preserveAspectRatio=\"xMidYMid meet\" role=\"graphics-symbol\" aria-hidden=\"true\">\n<path d=\"M24.704 24.704q0.96 1.088 0.192 1.984l-1.472 1.472q-1.152 1.024-2.176 0l-6.080-6.080q-2.368 1.344-4.992 1.344-4.096 0-7.136-3.040t-3.040-7.136 2.88-7.008 6.976-2.912 7.168 3.040 3.072 7.136q0 2.816-1.472 5.184zM3.008 13.248q0 2.816 2.176 4.992t4.992 2.176 4.832-2.016 2.016-4.896q0-2.816-2.176-4.96t-4.992-2.144-4.832 2.016-2.016 4.832z\"><\/path>\n<\/svg><\/div><div data-sviproduct_id=\"9662\" data-wcsvi-ref=\"9662\" class=\"gallery-svi woocommerce-product-gallery woocommerce-product-gallery--with-images  images\" style=\"opacity: 1; transition: opacity .25s ease-in-out;\">\n            <div class=\"svi_wrapper\">\n                    <div class=\"svi-initial-holder\">\n                <div class=\"svi-initial-gallery\" aria-hidden=\"true\">\n            <div class=\"svi-initial-main\" style=\"--svi-aspect: 100%;\">\n                <span class=\"svi-skeleton\"><\/span>\n            <\/div>\n                    <\/div>            <\/div>\n                <div class=\"svi-app-entry\" data-svi-mount><\/div>\n    <\/div>&nbsp;\n<\/div>\n<\/div><div data-sviproduct_id=\"9662\" data-wcsvi-ref=\"9662\" class=\"gallery-svi woocommerce-product-gallery woocommerce-product-gallery--with-images  images\" style=\"opacity: 1; transition: opacity .25s ease-in-out;\">\n            <div class=\"svi_wrapper\">\n                    <div class=\"svi-initial-holder\">\n                <div class=\"svi-initial-gallery\" aria-hidden=\"true\">\n            <div class=\"svi-initial-main\" style=\"--svi-aspect: 100%;\">\n                <span class=\"svi-skeleton\"><\/span>\n            <\/div>\n                    <\/div>            <\/div>\n                <div class=\"svi-app-entry\" data-svi-mount><\/div>\n    <\/div>&nbsp;\n<\/div>\n<div class=\"single-product-summary\">\n<\/div><\/section><\/div>\n<style type=\"text\/css\" data-created_by=\"avia_inline_auto\" id=\"style-css-av-84k7wi-4c5f0ee135c2aebf54162f49bfe55724\">\n.flex_column.av-84k7wi-4c5f0ee135c2aebf54162f49bfe55724{\nborder-radius:0px 0px 0px 0px;\npadding:0px 0px 0px 0px;\n}\n<\/style>\n<div  class='flex_column av-84k7wi-4c5f0ee135c2aebf54162f49bfe55724 av_two_third  avia-builder-el-5  el_after_av_one_third  avia-builder-el-last  flex_column_div av-zero-column-padding  '     ><p>\n<style type=\"text\/css\" data-created_by=\"avia_inline_auto\" id=\"style-css-av-6jbtiq-ae8a113f0551123306ef8a06977a1a54\">\n#top .av-woo-purchase-button.av-6jbtiq-ae8a113f0551123306ef8a06977a1a54 > div > p.price{\ndisplay:none;\n}\n<\/style>\n<div class='av-woo-purchase-button av-6jbtiq-ae8a113f0551123306ef8a06977a1a54  avia-builder-el-6  el_before_av_textblock  avia-builder-el-first '>\n<form class=\"variations_form cart\" action=\"https:\/\/marx-spritzgeraete.de\/en\/product\/satajet-x-5500\/\" method=\"post\" enctype='multipart\/form-data' data-product_id=\"9662\" data-product_variations=\"false\">\n\t\n\t\t\t<table class=\"variations\" cellspacing=\"0\" role=\"presentation\">\n\t\t\t<tbody>\n\t\t\t\t\t\t\t\t\t<tr>\n\t\t\t\t\t\t<th class=\"label\"><label for=\"dusengrose\">D\u00fcsengr\u00f6\u00dfe<\/label><\/th>\n\t\t\t\t\t\t<td class=\"value\">\n\t\t\t\t\t\t\t<select id=\"duesengroesse\" class=\"\" name=\"attribute_duesengroesse\" data-attribute_name=\"attribute_duesengroesse\" data-show_option_none=\"yes\"><option value=\"\">Choose an option<\/option><option value=\"1,1\" >1,1<\/option><option value=\"1,2\" >1,2<\/option><option value=\"1,3\" >1,3<\/option><option value=\"1,4\" >1,4<\/option><option value=\"1,5\" >1,5<\/option><option value=\"1,6\" >1,6<\/option><option value=\"1,8\" >1,8<\/option><\/select>\t\t\t\t\t\t<\/td>\n\t\t\t\t\t<\/tr>\n\t\t\t\t\t\t\t\t\t<tr>\n\t\t\t\t\t\t<th class=\"label\"><label for=\"dusentechnologie\">D\u00fcsentechnologie<\/label><\/th>\n\t\t\t\t\t\t<td class=\"value\">\n\t\t\t\t\t\t\t<select id=\"duesentechnologie\" class=\"\" name=\"attribute_duesentechnologie\" data-attribute_name=\"attribute_duesentechnologie\" data-show_option_none=\"yes\"><option value=\"\">Choose an option<\/option><option value=\"HVLP\" >HVLP<\/option><option value=\"RP\" >RP<\/option><\/select>\t\t\t\t\t\t<\/td>\n\t\t\t\t\t<\/tr>\n\t\t\t\t\t\t\t\t\t<tr>\n\t\t\t\t\t\t<th class=\"label\"><label for=\"strahlform\">Strahlform<\/label><\/th>\n\t\t\t\t\t\t<td class=\"value\">\n\t\t\t\t\t\t\t<select id=\"strahlform\" class=\"\" name=\"attribute_strahlform\" data-attribute_name=\"attribute_strahlform\" data-show_option_none=\"yes\"><option value=\"\">Choose an option<\/option><option value=\"I\" >I<\/option><option value=\"O\" >O<\/option><\/select>\t\t\t\t\t\t<\/td>\n\t\t\t\t\t<\/tr>\n\t\t\t\t\t\t\t\t\t<tr>\n\t\t\t\t\t\t<th class=\"label\"><label for=\"digital\">DIGITAL<\/label><\/th>\n\t\t\t\t\t\t<td class=\"value\">\n\t\t\t\t\t\t\t<select id=\"digital\" class=\"\" name=\"attribute_digital\" data-attribute_name=\"attribute_digital\" data-show_option_none=\"yes\"><option value=\"\">Choose an option<\/option><option value=\"mit Digitalanzeige\" >mit Digitalanzeige<\/option><option value=\"ohne Digitalanzeige\" >ohne Digitalanzeige<\/option><\/select><a class=\"reset_variations\" href=\"#\" aria-label=\"Clear options\">Clear<\/a>\t\t\t\t\t\t<\/td>\n\t\t\t\t\t<\/tr>\n\t\t\t\t\t\t\t<\/tbody>\n\t\t<\/table>\n\t\t<div class=\"reset_variations_alert screen-reader-text\" role=\"alert\" aria-live=\"polite\" aria-relevant=\"all\"><\/div>\n\t\t\n\t\t<div class=\"single_variation_wrap\">\n\t\t\t<div class=\"woocommerce-variation single_variation\" role=\"alert\" aria-relevant=\"additions\"><\/div><div class=\"woocommerce-variation-add-to-cart variations_button\">\n\t\n\t<div class=\"quantity\">\n\t\t<label class=\"screen-reader-text\" for=\"quantity_69f36cd97d8cd\">SATAjet X 5500 quantity<\/label>\n\t<input\n\t\ttype=\"number\"\n\t\t\t\tid=\"quantity_69f36cd97d8cd\"\n\t\tclass=\"input-text qty text\"\n\t\tname=\"quantity\"\n\t\tvalue=\"1\"\n\t\taria-label=\"Product quantity\"\n\t\t\t\tmin=\"1\"\n\t\t\t\t\tmax=\"5\"\n\t\t\t\t\t\t\tstep=\"1\"\n\t\t\tplaceholder=\"\"\n\t\t\tinputmode=\"numeric\"\n\t\t\tautocomplete=\"off\"\n\t\t\t\/>\n\t<\/div>\n\n\t<button type=\"submit\" class=\"single_add_to_cart_button button alt\">Add to cart<\/button>\n\n\t\n\t<input type=\"hidden\" name=\"add-to-cart\" value=\"9662\" \/>\n\t<input type=\"hidden\" name=\"product_id\" value=\"9662\" \/>\n\t<input type=\"hidden\" name=\"variation_id\" class=\"variation_id\" value=\"0\" \/>\n<\/div>\n\t\t<\/div>\n\t\n\t<div class=\"product_meta\">\n\n\t\n\t\n\t\t<span class=\"sku_wrapper\">SKU: <span class=\"sku\">N\/A<\/span><\/span>\n\n\t\n\t<span class=\"posted_in\">Categories: <a href=\"https:\/\/marx-spritzgeraete.de\/en\/product-category\/cup-guns\/\" rel=\"tag\">Cup guns<\/a>, <a href=\"https:\/\/marx-spritzgeraete.de\/en\/product-category\/sata-products\/\" rel=\"tag\">SATA products<\/a><\/span>\n\t\n\t\n<\/div>\n<\/form>\n\n<\/div><br \/>\n<section  class='av_textblock_section av-htj36-33c9e2b88443a37f9f10fed760bd8a8a '   itemscope=\"itemscope\" itemtype=\"https:\/\/schema.org\/CreativeWork\" ><div class='avia_textblock'  itemprop=\"text\" ><div class=\"beschreibung\">\n<h3>SATAjet X 5500<\/h3>\n<h3>Economical. Quiet. Revolutionary X-nozzle system.<\/h3>\n<p>The SATAjet X 5500 is the latest SATA paint spray gun for the highest demands. With the X-nozzle system, painters are up to all paint systems and processing recommendations. In addition, the whisper nozzle noticeably reduces the noise level and gives painters a softer, more pleasant painting feeling. And all this with reduced material consumption.<\/p>\n<p>Supplied with 1 x<a href=\"https:\/\/marx-spritzgeraete.de\/en\/product\/sata-bechersysteme\/\"> RPS<\/a> multi-purpose cup 0.6 \/ 0.9l each.<\/p>\n<h5>Advantages<\/h5>\n<ul>\n<li>Revolutionary: The atomization of the X-nozzles sets new standards<\/li>\n<li>Noticeably quieter: Whisper nozzle thanks to optimized flow geometry<\/li>\n<li>Precise: Optimized material distribution for a more uniform and finer atomization in both jet variants<\/li>\n<li>Low maintenance: No air distribution ring required<\/li>\n<li>Logical: Constant jet dimensions for all nozzle sizes with uniformly increasing material throughput<\/li>\n<li>Efficient: Significant material savings with the same application method<\/li>\n<\/ul>\n<h5>Two ways to the perfect result: HVLP and RP<\/h5>\n<ul>\n<li>HVLP: Extra economical &#8211; HVLP paint spray guns achieve particularly high transfer rates with their low-pressure technology.<\/li>\n<li>RP: Extra Fast &#8211; RP paint spray guns stand for maximum working speed with optimized high-pressure technology and low overspray.<\/li>\n<li>Both variants can be used very flexibly, meet the highest demands on the painting result and clearly exceed the transfer rates of 65 % required by the VOC directive.<\/li>\n<\/ul>\n<p><a href=\"http:\/\/marx-spritzgeraete.de\/wp-content\/uploads\/2023\/02\/BETRIEBSANLEITUNG-SATAJET-X-5500.pdf\">Operating Instructions SATAjet X 5500<\/a><\/p>\n<p>further information at:<br \/>\nwww.sata.com<br \/>\nwww.sata.com\/sal<br \/>\nWarranty registration:<br \/>\nwww.sata.com\/garantieanmeldung<br \/>\nPaint data sheets:<br \/>\nwww.sata.com\/lackdaten<\/p>\n<\/div>\n<div class=\"beschreibung\"><\/div>\n<\/div><\/section><br \/>\n<div  class='av-woo-product-related-upsells av-396rya-f39f871142f11f3b8a6ba937bbe775e3  avia-builder-el-8  el_after_av_textblock  avia-builder-el-last '><\/div><\/p><\/div>\n","protected":false},"excerpt":{"rendered":"","protected":false},"featured_media":15058,"comment_status":"closed","ping_status":"closed","template":"","meta":[],"product_brand":[],"product_cat":[217,257],"product_tag":[],"class_list":{"0":"post-9662","1":"product","2":"type-product","3":"status-publish","4":"has-post-thumbnail","6":"product_cat-cup-guns","7":"product_cat-sata-products","9":"first","10":"instock","11":"taxable","12":"shipping-taxable","13":"purchasable","14":"product-type-variable"},"yoast_head":"<!-- This site is optimized with the Yoast SEO Premium plugin v27.5 (Yoast SEO v27.5) - https:\/\/yoast.com\/product\/yoast-seo-premium-wordpress\/ -->\n<title>SATAjet X 5500 - Marx Oberfl\u00e4chentechnik GmbH<\/title>\n<meta name=\"description\" content=\"SATAjet X 5500 Economical. Quiet. Revolutionary X-nozzle system. The SATAjet X 5500 is the latest SATA spray gun for the highest demands.\" \/>\n<meta name=\"robots\" content=\"index, follow, max-snippet:-1, max-image-preview:large, max-video-preview:-1\" \/>\n<link rel=\"canonical\" href=\"https:\/\/marx-spritzgeraete.de\/en\/product\/satajet-x-5500\/\" \/>\n<meta property=\"og:locale\" content=\"en_US\" \/>\n<meta property=\"og:type\" content=\"article\" \/>\n<meta property=\"og:title\" content=\"SATAjet X 5500\" \/>\n<meta property=\"og:description\" content=\"SATAjet X 5500 Economical. Quiet. Revolutionary X-nozzle system. The SATAjet X 5500 is the latest SATA spray gun for the highest demands.\" \/>\n<meta property=\"og:url\" content=\"https:\/\/marx-spritzgeraete.de\/en\/product\/satajet-x-5500\/\" \/>\n<meta property=\"og:site_name\" content=\"Marx Oberfl\u00e4chentechnik GmbH\" \/>\n<meta property=\"article:modified_time\" content=\"2025-12-30T23:48:05+00:00\" \/>\n<meta property=\"og:image\" content=\"https:\/\/marx-spritzgeraete.de\/wp-content\/uploads\/2023\/02\/1061895-SATA-SATAJET-X-5500-HVLP-D-HS.jpg\" \/>\n\t<meta property=\"og:image:width\" content=\"1000\" \/>\n\t<meta property=\"og:image:height\" content=\"1000\" \/>\n\t<meta property=\"og:image:type\" content=\"image\/jpeg\" \/>\n<meta name=\"twitter:card\" content=\"summary_large_image\" \/>\n<meta name=\"twitter:label1\" content=\"Availability\" \/>\n\t<meta name=\"twitter:data1\" content=\"In stock\" \/>\n<script type=\"application\/ld+json\" class=\"yoast-schema-graph\">{\"@context\":\"https:\\\/\\\/schema.org\",\"@graph\":[{\"@type\":\"WebPage\",\"@id\":\"https:\\\/\\\/marx-spritzgeraete.de\\\/en\\\/product\\\/satajet-x-5500\\\/\",\"url\":\"https:\\\/\\\/marx-spritzgeraete.de\\\/en\\\/product\\\/satajet-x-5500\\\/\",\"name\":\"SATAjet X 5500 - Marx Oberfl\u00e4chentechnik GmbH\",\"isPartOf\":{\"@id\":\"https:\\\/\\\/marx-spritzgeraete.de\\\/#website\"},\"primaryImageOfPage\":{\"@id\":\"https:\\\/\\\/marx-spritzgeraete.de\\\/en\\\/product\\\/satajet-x-5500\\\/#primaryimage\"},\"image\":{\"@id\":\"https:\\\/\\\/marx-spritzgeraete.de\\\/en\\\/product\\\/satajet-x-5500\\\/#primaryimage\"},\"thumbnailUrl\":\"https:\\\/\\\/marx-spritzgeraete.de\\\/wp-content\\\/uploads\\\/2023\\\/02\\\/satajet-x-5500-premium-lackierpistole.jpg\",\"datePublished\":\"2023-02-22T12:53:49+00:00\",\"dateModified\":\"2025-12-30T23:48:05+00:00\",\"description\":\"SATAjet X 5500 Economical. Quiet. Revolutionary X-nozzle system. The SATAjet X 5500 is the latest SATA spray gun for the highest demands.\",\"breadcrumb\":{\"@id\":\"https:\\\/\\\/marx-spritzgeraete.de\\\/en\\\/product\\\/satajet-x-5500\\\/#breadcrumb\"},\"inLanguage\":\"en-US\",\"potentialAction\":[{\"@type\":\"ReadAction\",\"target\":[\"https:\\\/\\\/marx-spritzgeraete.de\\\/en\\\/product\\\/satajet-x-5500\\\/\"]}]},{\"@type\":\"ImageObject\",\"inLanguage\":\"en-US\",\"@id\":\"https:\\\/\\\/marx-spritzgeraete.de\\\/en\\\/product\\\/satajet-x-5500\\\/#primaryimage\",\"url\":\"https:\\\/\\\/marx-spritzgeraete.de\\\/wp-content\\\/uploads\\\/2023\\\/02\\\/satajet-x-5500-premium-lackierpistole.jpg\",\"contentUrl\":\"https:\\\/\\\/marx-spritzgeraete.de\\\/wp-content\\\/uploads\\\/2023\\\/02\\\/satajet-x-5500-premium-lackierpistole.jpg\",\"width\":1000,\"height\":1000,\"caption\":\"SATAjet X 5500 Lackierpistole mit innovativem X-D\u00fcsensystem\"},{\"@type\":\"BreadcrumbList\",\"@id\":\"https:\\\/\\\/marx-spritzgeraete.de\\\/en\\\/product\\\/satajet-x-5500\\\/#breadcrumb\",\"itemListElement\":[{\"@type\":\"ListItem\",\"position\":1,\"name\":\"Startseite\",\"item\":\"https:\\\/\\\/marx-spritzgeraete.de\\\/en\\\/home\\\/\"},{\"@type\":\"ListItem\",\"position\":2,\"name\":\"Shop\",\"item\":\"https:\\\/\\\/marx-spritzgeraete.de\\\/en\\\/shop\\\/\"},{\"@type\":\"ListItem\",\"position\":3,\"name\":\"SATAjet X 5500\"}]},{\"@type\":\"WebSite\",\"@id\":\"https:\\\/\\\/marx-spritzgeraete.de\\\/#website\",\"url\":\"https:\\\/\\\/marx-spritzgeraete.de\\\/\",\"name\":\"Marx Oberfl\u00e4chentechnik GmbH\",\"description\":\"\",\"publisher\":{\"@id\":\"https:\\\/\\\/marx-spritzgeraete.de\\\/#organization\"},\"potentialAction\":[{\"@type\":\"SearchAction\",\"target\":{\"@type\":\"EntryPoint\",\"urlTemplate\":\"https:\\\/\\\/marx-spritzgeraete.de\\\/?s={search_term_string}\"},\"query-input\":{\"@type\":\"PropertyValueSpecification\",\"valueRequired\":true,\"valueName\":\"search_term_string\"}}],\"inLanguage\":\"en-US\"},{\"@type\":\"Organization\",\"@id\":\"https:\\\/\\\/marx-spritzgeraete.de\\\/#organization\",\"name\":\"Marx Oberfl\u00e4chentechnik GmbH\",\"url\":\"https:\\\/\\\/marx-spritzgeraete.de\\\/\",\"logo\":{\"@type\":\"ImageObject\",\"inLanguage\":\"en-US\",\"@id\":\"https:\\\/\\\/marx-spritzgeraete.de\\\/#\\\/schema\\\/logo\\\/image\\\/\",\"url\":\"https:\\\/\\\/marx-spritzgeraete.de\\\/wp-content\\\/uploads\\\/2022\\\/08\\\/38898875_453100078523970_5171725096418541568_n-Kopie.jpg\",\"contentUrl\":\"https:\\\/\\\/marx-spritzgeraete.de\\\/wp-content\\\/uploads\\\/2022\\\/08\\\/38898875_453100078523970_5171725096418541568_n-Kopie.jpg\",\"width\":320,\"height\":320,\"caption\":\"Marx Oberfl\u00e4chentechnik GmbH\"},\"image\":{\"@id\":\"https:\\\/\\\/marx-spritzgeraete.de\\\/#\\\/schema\\\/logo\\\/image\\\/\"},\"sameAs\":[\"https:\\\/\\\/www.instagram.com\\\/marx_oberflaechentechnik\\\/\"]}]}<\/script>\n<meta property=\"og:availability\" content=\"instock\" \/>\n<meta property=\"product:availability\" content=\"instock\" \/>\n<meta property=\"product:condition\" content=\"new\" \/>\n<!-- \/ Yoast SEO Premium plugin. -->","yoast_head_json":{"title":"SATAjet X 5500 - Marx Oberfl\u00e4chentechnik GmbH","description":"SATAjet X 5500 Economical. Quiet. Revolutionary X-nozzle system. The SATAjet X 5500 is the latest SATA spray gun for the highest demands.","robots":{"index":"index","follow":"follow","max-snippet":"max-snippet:-1","max-image-preview":"max-image-preview:large","max-video-preview":"max-video-preview:-1"},"canonical":"https:\/\/marx-spritzgeraete.de\/en\/product\/satajet-x-5500\/","og_locale":"en_US","og_type":"article","og_title":"SATAjet X 5500","og_description":"SATAjet X 5500 Economical. Quiet. Revolutionary X-nozzle system. The SATAjet X 5500 is the latest SATA spray gun for the highest demands.","og_url":"https:\/\/marx-spritzgeraete.de\/en\/product\/satajet-x-5500\/","og_site_name":"Marx Oberfl\u00e4chentechnik GmbH","article_modified_time":"2025-12-30T23:48:05+00:00","og_image":[{"width":1000,"height":1000,"url":"https:\/\/marx-spritzgeraete.de\/wp-content\/uploads\/2023\/02\/1061895-SATA-SATAJET-X-5500-HVLP-D-HS.jpg","type":"image\/jpeg"}],"twitter_card":"summary_large_image","twitter_misc":{"Availability":"In stock"},"schema":{"@context":"https:\/\/schema.org","@graph":[{"@type":"WebPage","@id":"https:\/\/marx-spritzgeraete.de\/en\/product\/satajet-x-5500\/","url":"https:\/\/marx-spritzgeraete.de\/en\/product\/satajet-x-5500\/","name":"SATAjet X 5500 - Marx Oberfl\u00e4chentechnik GmbH","isPartOf":{"@id":"https:\/\/marx-spritzgeraete.de\/#website"},"primaryImageOfPage":{"@id":"https:\/\/marx-spritzgeraete.de\/en\/product\/satajet-x-5500\/#primaryimage"},"image":{"@id":"https:\/\/marx-spritzgeraete.de\/en\/product\/satajet-x-5500\/#primaryimage"},"thumbnailUrl":"https:\/\/marx-spritzgeraete.de\/wp-content\/uploads\/2023\/02\/satajet-x-5500-premium-lackierpistole.jpg","datePublished":"2023-02-22T12:53:49+00:00","dateModified":"2025-12-30T23:48:05+00:00","description":"SATAjet X 5500 Economical. Quiet. Revolutionary X-nozzle system. The SATAjet X 5500 is the latest SATA spray gun for the highest demands.","breadcrumb":{"@id":"https:\/\/marx-spritzgeraete.de\/en\/product\/satajet-x-5500\/#breadcrumb"},"inLanguage":"en-US","potentialAction":[{"@type":"ReadAction","target":["https:\/\/marx-spritzgeraete.de\/en\/product\/satajet-x-5500\/"]}]},{"@type":"ImageObject","inLanguage":"en-US","@id":"https:\/\/marx-spritzgeraete.de\/en\/product\/satajet-x-5500\/#primaryimage","url":"https:\/\/marx-spritzgeraete.de\/wp-content\/uploads\/2023\/02\/satajet-x-5500-premium-lackierpistole.jpg","contentUrl":"https:\/\/marx-spritzgeraete.de\/wp-content\/uploads\/2023\/02\/satajet-x-5500-premium-lackierpistole.jpg","width":1000,"height":1000,"caption":"SATAjet X 5500 Lackierpistole mit innovativem X-D\u00fcsensystem"},{"@type":"BreadcrumbList","@id":"https:\/\/marx-spritzgeraete.de\/en\/product\/satajet-x-5500\/#breadcrumb","itemListElement":[{"@type":"ListItem","position":1,"name":"Startseite","item":"https:\/\/marx-spritzgeraete.de\/en\/home\/"},{"@type":"ListItem","position":2,"name":"Shop","item":"https:\/\/marx-spritzgeraete.de\/en\/shop\/"},{"@type":"ListItem","position":3,"name":"SATAjet X 5500"}]},{"@type":"WebSite","@id":"https:\/\/marx-spritzgeraete.de\/#website","url":"https:\/\/marx-spritzgeraete.de\/","name":"Marx Oberfl\u00e4chentechnik GmbH","description":"","publisher":{"@id":"https:\/\/marx-spritzgeraete.de\/#organization"},"potentialAction":[{"@type":"SearchAction","target":{"@type":"EntryPoint","urlTemplate":"https:\/\/marx-spritzgeraete.de\/?s={search_term_string}"},"query-input":{"@type":"PropertyValueSpecification","valueRequired":true,"valueName":"search_term_string"}}],"inLanguage":"en-US"},{"@type":"Organization","@id":"https:\/\/marx-spritzgeraete.de\/#organization","name":"Marx Oberfl\u00e4chentechnik GmbH","url":"https:\/\/marx-spritzgeraete.de\/","logo":{"@type":"ImageObject","inLanguage":"en-US","@id":"https:\/\/marx-spritzgeraete.de\/#\/schema\/logo\/image\/","url":"https:\/\/marx-spritzgeraete.de\/wp-content\/uploads\/2022\/08\/38898875_453100078523970_5171725096418541568_n-Kopie.jpg","contentUrl":"https:\/\/marx-spritzgeraete.de\/wp-content\/uploads\/2022\/08\/38898875_453100078523970_5171725096418541568_n-Kopie.jpg","width":320,"height":320,"caption":"Marx Oberfl\u00e4chentechnik GmbH"},"image":{"@id":"https:\/\/marx-spritzgeraete.de\/#\/schema\/logo\/image\/"},"sameAs":["https:\/\/www.instagram.com\/marx_oberflaechentechnik\/"]}]},"og_availability":"instock","product_availability":"instock","product_condition":"new"},"_links":{"self":[{"href":"https:\/\/marx-spritzgeraete.de\/en\/wp-json\/wp\/v2\/product\/9662","targetHints":{"allow":["GET"]}}],"collection":[{"href":"https:\/\/marx-spritzgeraete.de\/en\/wp-json\/wp\/v2\/product"}],"about":[{"href":"https:\/\/marx-spritzgeraete.de\/en\/wp-json\/wp\/v2\/types\/product"}],"replies":[{"embeddable":true,"href":"https:\/\/marx-spritzgeraete.de\/en\/wp-json\/wp\/v2\/comments?post=9662"}],"wp:featuredmedia":[{"embeddable":true,"href":"https:\/\/marx-spritzgeraete.de\/en\/wp-json\/wp\/v2\/media\/15058"}],"wp:attachment":[{"href":"https:\/\/marx-spritzgeraete.de\/en\/wp-json\/wp\/v2\/media?parent=9662"}],"wp:term":[{"taxonomy":"product_brand","embeddable":true,"href":"https:\/\/marx-spritzgeraete.de\/en\/wp-json\/wp\/v2\/product_brand?post=9662"},{"taxonomy":"product_cat","embeddable":true,"href":"https:\/\/marx-spritzgeraete.de\/en\/wp-json\/wp\/v2\/product_cat?post=9662"},{"taxonomy":"product_tag","embeddable":true,"href":"https:\/\/marx-spritzgeraete.de\/en\/wp-json\/wp\/v2\/product_tag?post=9662"}],"curies":[{"name":"wp","href":"https:\/\/api.w.org\/{rel}","templated":true}]}}